{"id":824,"date":"2024-11-17T20:22:03","date_gmt":"2024-11-17T19:22:03","guid":{"rendered":"https:\/\/motomercadorent.com\/?page_id=824"},"modified":"2025-02-14T23:52:19","modified_gmt":"2025-02-14T22:52:19","slug":"cookie-policy","status":"publish","type":"page","link":"https:\/\/www.motomercadorent.com\/en\/cookie-policy\/","title":{"rendered":"Cookie Policy"},"content":{"rendered":"<style>.elementor-824 .elementor-element.elementor-element-85c00a0{--display:flex;--flex-direction:column;--container-widget-width:100%;--container-widget-height:initial;--container-widget-flex-grow:0;--container-widget-align-self:initial;--flex-wrap-mobile:wrap;}.elementor-824 .elementor-element.elementor-element-68acf9e > .elementor-widget-container{margin:0px 0px 80px 0px;}<\/style>\t\t<div data-elementor-type=\"wp-page\" data-elementor-id=\"824\" class=\"elementor elementor-824 elementor-440\" data-elementor-post-type=\"page\">\n\t\t\t\t<div data-particle_enable=\"false\" data-particle-mobile-disabled=\"false\" class=\"elementor-element elementor-element-85c00a0 e-flex e-con-boxed e-con e-parent\" data-id=\"85c00a0\" data-element_type=\"container\">\n\t\t\t\t\t<div class=\"e-con-inner\">\n\t\t\t\t<div class=\"elementor-element elementor-element-bb817b7 elementor-widget elementor-widget-heading\" data-id=\"bb817b7\" data-element_type=\"widget\" data-widget_type=\"heading.default\">\n\t\t\t\t<div class=\"elementor-widget-container\">\n\t\t\t\t\t<h2 class=\"elementor-heading-title elementor-size-default\">Pol\u00edtica de Cookies<\/h2>\t\t\t\t<\/div>\n\t\t\t\t<\/div>\n\t\t\t\t<div class=\"elementor-element elementor-element-68acf9e elementor-widget elementor-widget-text-editor\" data-id=\"68acf9e\" data-element_type=\"widget\" data-widget_type=\"text-editor.default\">\n\t\t\t\t<div class=\"elementor-widget-container\">\n\t\t\t\t\t\t\t\t\t<p>Las cookies son peque\u00f1os archivos de texto generados por las p\u00e1ginas web que visitas, las cuales contienen los datos de sesi\u00f3n que pueden ser de utilidad m\u00e1s adelante en la p\u00e1gina web. Los datos permiten que la p\u00e1gina web pueda mantener su informaci\u00f3n entre las p\u00e1ginas, y tambi\u00e9n para analizar la forma de interactuar con el sitio. Las cookies son seguras ya que s\u00f3lo pueden almacenar la informaci\u00f3n que se puso en su lugar por el navegador, lo que es informaci\u00f3n que el usuario ha introducido en el navegador o la que se incluye en la solicitud de p\u00e1gina. No pueden ejecutar c\u00f3digo y no se pueden utilizar para acceder a tu ordenador.<\/p><p>Las cookies son esenciales para el funcionamiento de internet, aportando innumerables ventajas en la prestaci\u00f3n de servicios interactivos, facilitando la navegaci\u00f3n y usabilidad de la web. Las cookies no pueden da\u00f1ar su equipo y que est\u00e9n activadas ayuda a identificar y resolver los errores.<\/p><p>A continuaci\u00f3n, proporcionamos m\u00e1s informaci\u00f3n para que se entiendan mejor los diferentes tipos de cookies que pueden ser utilizados:<\/p><p>\u2013\u00a0<b>Cookies de sesi\u00f3n:<\/b>\u00a0son cookies temporales que permanecen en el archivo de cookies del navegador hasta que se abandona la p\u00e1gina web, por lo que ninguna queda registrada en el disco duro del usuario. La informaci\u00f3n obtenida por medio de estas cookies sirve para analizar pautas de tr\u00e1fico en la web. A la larga, esto permite proporcionar una mejor experiencia para mejorar el contenido y facilitar su uso.<\/p><p>\u2013\u00a0<b>Cookies permanentes:<\/b>\u00a0son almacenadas en el disco duro y la p\u00e1gina web las lee cada vez que se realiza una nueva visita. A pesar de su nombre, una web permanente posee una fecha de expiraci\u00f3n determinada. La cookie dejar\u00e1 de funcionar despu\u00e9s de esa fecha. Se utilizan, generalmente, para facilitar los diferentes servicios que ofrecen las p\u00e1ginas web.<\/p><p>A continuaci\u00f3n, publicamos una relaci\u00f3n de las principales cookies utilizadas en nuestras webs, distinguiendo:<\/p><p>\u2013 Las\u00a0<b>cookies estrictamente necesarias<\/b>\u00a0como, por ejemplo, aquellas que sirven para una correcta navegaci\u00f3n o las que permiten realizar el pago de bienes o servicios solicitados por el usuario o cookies que sirven para asegurar que el contenido de la p\u00e1gina web se carga eficazmente.<\/p><p>\u2013 Las\u00a0<b>cookies de terceros<\/b>\u00a0como, por ejemplo, las usadas por redes sociales, o por complementos externos de contenido.<\/p><p>\u2013 Las\u00a0<b>cookies anal\u00edticas<\/b>\u00a0con prop\u00f3sitos de mantenimiento peri\u00f3dico y, en aras de garantizar el mejor servicio posible al usuario, con las que los sitios webs recopilan datos estad\u00edsticos de la actividad.<\/p><p><b>Garant\u00edas complementarias . Gesti\u00f3n de cookies:<\/b><\/p><p>Todos los navegadores de Internet permiten limitar el comportamiento de una cookie o desactivar las cookies dentro de la configuraci\u00f3n o las opciones del navegador. Los pasos para hacerlo son diferentes para cada navegador, pudi\u00e9ndose encontrar instrucciones en el men\u00fa de ayuda de tu navegador.<\/p><p>Muchos navegadores permiten activar un modo privado mediante el cual las cookies se borran siempre despu\u00e9s de la visita. Dependiendo de cada navegador este modo privado, puede tener diferentes nombres. A continuaci\u00f3n se puede encontrar una lista de los navegadores m\u00e1s comunes con un enlace a la configuraci\u00f3n de cookies y los diferentes nombres de este \u00abmodo privado\u00bb:<\/p><ol><li aria-level=\"1\"><b>Internet Explorer 8<\/b>\u00a0y superior; InPrivate<\/li><li aria-level=\"1\"><a href=\"http:\/\/windows.microsoft.com\/es-es\/windows-vista\/block-or-allow-cookies\">http:\/\/windows.microsoft.com\/es-es\/windows-vista\/block-or-allow-cookies<\/a><\/li><li aria-level=\"1\"><b>Safari 2<\/b>\u00a0y superior; Navegaci\u00f3n Privada<\/li><li aria-level=\"1\"><a href=\"http:\/\/support.apple.com\/kb\/ht1677?viewlocale=es_es&amp;locale=es_es\">http:\/\/support.apple.com\/kb\/ht1677?viewlocale=es_es&amp;locale=es_es<\/a><\/li><li aria-level=\"1\"><b>Opera 10.5<\/b>\u00a0y superior; Navegaci\u00f3n Privada<\/li><li aria-level=\"1\"><a href=\"http:\/\/help.opera.com\/Windows\/11.50\/es-ES\/cookies.html\">http:\/\/help.opera.com\/Windows\/11.50\/es-ES\/cookies.html<\/a><\/li><li aria-level=\"1\"><b>FireFox 3.5<\/b>\u00a0y superior; Navegaci\u00f3n Privada<\/li><li aria-level=\"1\"><a href=\"http:\/\/support.mozilla.org\/es\/kb\/habilitar-y-deshabilitar-cookies-que-los-sitios-we\">http:\/\/support.mozilla.org\/es\/kb\/habilitar-y-deshabilitar-cookies-que-los-sitios-we<\/a><\/li><li aria-level=\"1\"><b>Google Chrome 10<\/b>\u00a0y superior; Inc\u00f3gnito<\/li><li aria-level=\"1\"><a href=\"https:\/\/support.google.com\/chrome\/answer\/95647?hl=es\">https:\/\/support.google.com\/chrome\/answer\/95647?hl=es<\/a><\/li><\/ol><p><br \/>motomercadorent.net podr\u00e1 utilizar cookies durante la prestaci\u00f3n de servicios del sitio web. Las cookies son ficheros f\u00edsicos de informaci\u00f3n personal alojados en el propio terminal del usuario. El usuario tiene la posibilidad de configurar su programa navegador de manera que se impida la creaci\u00f3n de archivos cookies o se advierta de la misma.<\/p><p>Si opta por abandonar nuestro sitio web a trav\u00e9s de enlaces a sitios web no pertenecientes a nuestra entidad, motomercadorent.net no se har\u00e1 responsable de las pol\u00edticas de privacidad de dichos sitios web ni de las cookies que \u00e9stos puedan almacenar en el ordenador del usuario.<\/p><p>Nuestra pol\u00edtica con respecto al correo electr\u00f3nico se centra en remitir \u00fanicamente comunicaciones que usted haya solicitado recibir.<\/p><p>Si prefiere no recibir estos mensajes por correo electr\u00f3nico le ofreceremos a trav\u00e9s de los mismos la posibilidad de ejercer su derecho de cancelaci\u00f3n y renuncia a la recepci\u00f3n de estos mensajes, en conformidad con lo dispuesto en el T\u00edtulo III, art\u00edculo 22 de la Ley 34\/2002 de Servicios para la Sociedad de la Informaci\u00f3n y de Comercio Electr\u00f3nico.<\/p><h6><b>PROCEDIMIENTO EN CASO DE REALIZACI\u00d3N DE ACTIVIDADES DE CAR\u00c1CTER IL\u00cdCITO<\/b><\/h6><p>En el caso de que cualquier usuario o un tercero considere que existen hechos o circunstancias que revelen el car\u00e1cter il\u00edcito de la utilizaci\u00f3n de cualquier contenido y\/o de la realizaci\u00f3n de cualquier actividad en las p\u00e1ginas web incluidas o accesibles a trav\u00e9s del sitio web, deber\u00e1 enviar una notificaci\u00f3n a motomercadorent.net identific\u00e1ndose debidamente, especificando las supuestas infracciones y declarando expresamente y bajo su responsabilidad que la informaci\u00f3n proporcionada en la notificaci\u00f3n es exacta.<\/p><p>Para toda cuesti\u00f3n litigiosa que incumba al sitio web de motomercadorent.net, ser\u00e1 de aplicaci\u00f3n la legislaci\u00f3n espa\u00f1ola vigente.<\/p><h6><b>PUBLICACIONES<\/b><\/h6><p>La informaci\u00f3n administrativa facilitada a trav\u00e9s del sitio web no sustituye la publicidad legal de las leyes, normativas, planes, disposiciones generales y actos que tengan que ser publicados formalmente a los diarios oficiales de las administraciones p\u00fablicas, que constituyen el \u00fanico instrumento que da fe de su autenticidad y contenido. La informaci\u00f3n disponible en este sitio web debe entenderse como una gu\u00eda sin prop\u00f3sito de validez legal.\u00a0<\/p>\t\t\t\t\t\t\t\t<\/div>\n\t\t\t\t<\/div>\n\t\t\t\t\t<\/div>\n\t\t\t\t<\/div>\n\t\t\t\t<\/div>\n\t\t","protected":false},"excerpt":{"rendered":"<p>Pol\u00edtica de Cookies Las cookies son peque\u00f1os archivos de texto generados por las p\u00e1ginas web que visitas, las cuales contienen los datos de sesi\u00f3n que pueden ser de utilidad m\u00e1s adelante en la p\u00e1gina web. Los datos permiten que la p\u00e1gina web pueda mantener su informaci\u00f3n entre las p\u00e1ginas, y tambi\u00e9n para analizar la forma [&hellip;]<\/p>\n","protected":false},"author":1,"featured_media":1569,"parent":0,"menu_order":0,"comment_status":"closed","ping_status":"closed","template":"elementor_header_footer","meta":{"_joinchat":[],"footnotes":""},"class_list":["post-824","page","type-page","status-publish","has-post-thumbnail","hentry"],"yoast_head":"<!-- This site is optimized with the Yoast SEO plugin v26.7 - https:\/\/yoast.com\/wordpress\/plugins\/seo\/ -->\n<title>Cookie Policy - MotoMercado Rent<\/title>\n<meta name=\"description\" content=\"Find out how we use cookies to enhance your browsing experience.\" \/>\n<meta name=\"robots\" content=\"index, follow, max-snippet:-1, max-image-preview:large, max-video-preview:-1\" \/>\n<link rel=\"canonical\" href=\"https:\/\/www.motomercadorent.com\/en\/cookie-policy\/\" \/>\n<meta property=\"og:locale\" content=\"en_US\" \/>\n<meta property=\"og:type\" content=\"article\" \/>\n<meta property=\"og:title\" content=\"Cookie Policy - MotoMercado Rent\" \/>\n<meta property=\"og:description\" content=\"Find out how we use cookies to enhance your browsing experience.\" \/>\n<meta property=\"og:url\" content=\"https:\/\/www.motomercadorent.com\/en\/cookie-policy\/\" \/>\n<meta property=\"og:site_name\" content=\"MotoMercado Rent\" \/>\n<meta property=\"article:publisher\" content=\"https:\/\/www.facebook.com\/motomercado.malaga\" \/>\n<meta property=\"article:modified_time\" content=\"2025-02-14T22:52:19+00:00\" \/>\n<meta property=\"og:image\" content=\"https:\/\/www.motomercadorent.com\/wp-content\/uploads\/2024\/12\/rent.jpg\" \/>\n\t<meta property=\"og:image:width\" content=\"1200\" \/>\n\t<meta property=\"og:image:height\" content=\"635\" \/>\n\t<meta property=\"og:image:type\" content=\"image\/jpeg\" \/>\n<meta name=\"twitter:card\" content=\"summary_large_image\" \/>\n<meta name=\"twitter:label1\" content=\"Est. reading time\" \/>\n\t<meta name=\"twitter:data1\" content=\"5 minutes\" \/>\n<script type=\"application\/ld+json\" class=\"yoast-schema-graph\">{\"@context\":\"https:\/\/schema.org\",\"@graph\":[{\"@type\":\"WebPage\",\"@id\":\"https:\/\/www.motomercadorent.com\/en\/cookie-policy\/\",\"url\":\"https:\/\/www.motomercadorent.com\/en\/cookie-policy\/\",\"name\":\"Cookie Policy - MotoMercado Rent\",\"isPartOf\":{\"@id\":\"https:\/\/www.motomercadorent.com\/en\/#website\"},\"primaryImageOfPage\":{\"@id\":\"https:\/\/www.motomercadorent.com\/en\/cookie-policy\/#primaryimage\"},\"image\":{\"@id\":\"https:\/\/www.motomercadorent.com\/en\/cookie-policy\/#primaryimage\"},\"thumbnailUrl\":\"https:\/\/www.motomercadorent.com\/wp-content\/uploads\/2024\/12\/rent.jpg\",\"datePublished\":\"2024-11-17T19:22:03+00:00\",\"dateModified\":\"2025-02-14T22:52:19+00:00\",\"description\":\"Find out how we use cookies to enhance your browsing experience.\",\"breadcrumb\":{\"@id\":\"https:\/\/www.motomercadorent.com\/en\/cookie-policy\/#breadcrumb\"},\"inLanguage\":\"en-US\",\"potentialAction\":[{\"@type\":\"ReadAction\",\"target\":[\"https:\/\/www.motomercadorent.com\/en\/cookie-policy\/\"]}]},{\"@type\":\"ImageObject\",\"inLanguage\":\"en-US\",\"@id\":\"https:\/\/www.motomercadorent.com\/en\/cookie-policy\/#primaryimage\",\"url\":\"https:\/\/www.motomercadorent.com\/wp-content\/uploads\/2024\/12\/rent.jpg\",\"contentUrl\":\"https:\/\/www.motomercadorent.com\/wp-content\/uploads\/2024\/12\/rent.jpg\",\"width\":1200,\"height\":635},{\"@type\":\"BreadcrumbList\",\"@id\":\"https:\/\/www.motomercadorent.com\/en\/cookie-policy\/#breadcrumb\",\"itemListElement\":[{\"@type\":\"ListItem\",\"position\":1,\"name\":\"Home\",\"item\":\"https:\/\/www.motomercadorent.com\/en\/\"},{\"@type\":\"ListItem\",\"position\":2,\"name\":\"Cookie Policy\"}]},{\"@type\":\"WebSite\",\"@id\":\"https:\/\/www.motomercadorent.com\/en\/#website\",\"url\":\"https:\/\/www.motomercadorent.com\/en\/\",\"name\":\"MotoMercado M\u00e1laga Rent\",\"description\":\"Scooter &amp; Motorbike Rental M\u00e1laga - MotoMercado\",\"publisher\":{\"@id\":\"https:\/\/www.motomercadorent.com\/en\/#organization\"},\"potentialAction\":[{\"@type\":\"SearchAction\",\"target\":{\"@type\":\"EntryPoint\",\"urlTemplate\":\"https:\/\/www.motomercadorent.com\/en\/?s={search_term_string}\"},\"query-input\":{\"@type\":\"PropertyValueSpecification\",\"valueRequired\":true,\"valueName\":\"search_term_string\"}}],\"inLanguage\":\"en-US\"},{\"@type\":\"Organization\",\"@id\":\"https:\/\/www.motomercadorent.com\/en\/#organization\",\"name\":\"MotoMercado M\u00e1laga Rent\",\"url\":\"https:\/\/www.motomercadorent.com\/en\/\",\"logo\":{\"@type\":\"ImageObject\",\"inLanguage\":\"en-US\",\"@id\":\"https:\/\/www.motomercadorent.com\/en\/#\/schema\/logo\/image\/\",\"url\":\"https:\/\/www.motomercadorent.com\/wp-content\/uploads\/2025\/12\/cropped-Logo-Raya-Cuadrado-scaled-1.png\",\"contentUrl\":\"https:\/\/www.motomercadorent.com\/wp-content\/uploads\/2025\/12\/cropped-Logo-Raya-Cuadrado-scaled-1.png\",\"width\":2359,\"height\":947,\"caption\":\"MotoMercado M\u00e1laga Rent\"},\"image\":{\"@id\":\"https:\/\/www.motomercadorent.com\/en\/#\/schema\/logo\/image\/\"},\"sameAs\":[\"https:\/\/www.facebook.com\/motomercado.malaga\",\"https:\/\/www.instagram.com\/motomercado\"]}]}<\/script>\n<!-- \/ Yoast SEO plugin. -->","yoast_head_json":{"title":"Cookie Policy - MotoMercado Rent","description":"Find out how we use cookies to enhance your browsing experience.","robots":{"index":"index","follow":"follow","max-snippet":"max-snippet:-1","max-image-preview":"max-image-preview:large","max-video-preview":"max-video-preview:-1"},"canonical":"https:\/\/www.motomercadorent.com\/en\/cookie-policy\/","og_locale":"en_US","og_type":"article","og_title":"Cookie Policy - MotoMercado Rent","og_description":"Find out how we use cookies to enhance your browsing experience.","og_url":"https:\/\/www.motomercadorent.com\/en\/cookie-policy\/","og_site_name":"MotoMercado Rent","article_publisher":"https:\/\/www.facebook.com\/motomercado.malaga","article_modified_time":"2025-02-14T22:52:19+00:00","og_image":[{"width":1200,"height":635,"url":"https:\/\/www.motomercadorent.com\/wp-content\/uploads\/2024\/12\/rent.jpg","type":"image\/jpeg"}],"twitter_card":"summary_large_image","twitter_misc":{"Est. reading time":"5 minutes"},"schema":{"@context":"https:\/\/schema.org","@graph":[{"@type":"WebPage","@id":"https:\/\/www.motomercadorent.com\/en\/cookie-policy\/","url":"https:\/\/www.motomercadorent.com\/en\/cookie-policy\/","name":"Cookie Policy - MotoMercado Rent","isPartOf":{"@id":"https:\/\/www.motomercadorent.com\/en\/#website"},"primaryImageOfPage":{"@id":"https:\/\/www.motomercadorent.com\/en\/cookie-policy\/#primaryimage"},"image":{"@id":"https:\/\/www.motomercadorent.com\/en\/cookie-policy\/#primaryimage"},"thumbnailUrl":"https:\/\/www.motomercadorent.com\/wp-content\/uploads\/2024\/12\/rent.jpg","datePublished":"2024-11-17T19:22:03+00:00","dateModified":"2025-02-14T22:52:19+00:00","description":"Find out how we use cookies to enhance your browsing experience.","breadcrumb":{"@id":"https:\/\/www.motomercadorent.com\/en\/cookie-policy\/#breadcrumb"},"inLanguage":"en-US","potentialAction":[{"@type":"ReadAction","target":["https:\/\/www.motomercadorent.com\/en\/cookie-policy\/"]}]},{"@type":"ImageObject","inLanguage":"en-US","@id":"https:\/\/www.motomercadorent.com\/en\/cookie-policy\/#primaryimage","url":"https:\/\/www.motomercadorent.com\/wp-content\/uploads\/2024\/12\/rent.jpg","contentUrl":"https:\/\/www.motomercadorent.com\/wp-content\/uploads\/2024\/12\/rent.jpg","width":1200,"height":635},{"@type":"BreadcrumbList","@id":"https:\/\/www.motomercadorent.com\/en\/cookie-policy\/#breadcrumb","itemListElement":[{"@type":"ListItem","position":1,"name":"Home","item":"https:\/\/www.motomercadorent.com\/en\/"},{"@type":"ListItem","position":2,"name":"Cookie Policy"}]},{"@type":"WebSite","@id":"https:\/\/www.motomercadorent.com\/en\/#website","url":"https:\/\/www.motomercadorent.com\/en\/","name":"MotoMercado M\u00e1laga Rent","description":"Scooter &amp; Motorbike Rental M\u00e1laga - MotoMercado","publisher":{"@id":"https:\/\/www.motomercadorent.com\/en\/#organization"},"potentialAction":[{"@type":"SearchAction","target":{"@type":"EntryPoint","urlTemplate":"https:\/\/www.motomercadorent.com\/en\/?s={search_term_string}"},"query-input":{"@type":"PropertyValueSpecification","valueRequired":true,"valueName":"search_term_string"}}],"inLanguage":"en-US"},{"@type":"Organization","@id":"https:\/\/www.motomercadorent.com\/en\/#organization","name":"MotoMercado M\u00e1laga Rent","url":"https:\/\/www.motomercadorent.com\/en\/","logo":{"@type":"ImageObject","inLanguage":"en-US","@id":"https:\/\/www.motomercadorent.com\/en\/#\/schema\/logo\/image\/","url":"https:\/\/www.motomercadorent.com\/wp-content\/uploads\/2025\/12\/cropped-Logo-Raya-Cuadrado-scaled-1.png","contentUrl":"https:\/\/www.motomercadorent.com\/wp-content\/uploads\/2025\/12\/cropped-Logo-Raya-Cuadrado-scaled-1.png","width":2359,"height":947,"caption":"MotoMercado M\u00e1laga Rent"},"image":{"@id":"https:\/\/www.motomercadorent.com\/en\/#\/schema\/logo\/image\/"},"sameAs":["https:\/\/www.facebook.com\/motomercado.malaga","https:\/\/www.instagram.com\/motomercado"]}]}},"_links":{"self":[{"href":"https:\/\/www.motomercadorent.com\/en\/wp-json\/wp\/v2\/pages\/824","targetHints":{"allow":["GET"]}}],"collection":[{"href":"https:\/\/www.motomercadorent.com\/en\/wp-json\/wp\/v2\/pages"}],"about":[{"href":"https:\/\/www.motomercadorent.com\/en\/wp-json\/wp\/v2\/types\/page"}],"author":[{"embeddable":true,"href":"https:\/\/www.motomercadorent.com\/en\/wp-json\/wp\/v2\/users\/1"}],"replies":[{"embeddable":true,"href":"https:\/\/www.motomercadorent.com\/en\/wp-json\/wp\/v2\/comments?post=824"}],"version-history":[{"count":2,"href":"https:\/\/www.motomercadorent.com\/en\/wp-json\/wp\/v2\/pages\/824\/revisions"}],"predecessor-version":[{"id":2324,"href":"https:\/\/www.motomercadorent.com\/en\/wp-json\/wp\/v2\/pages\/824\/revisions\/2324"}],"wp:featuredmedia":[{"embeddable":true,"href":"https:\/\/www.motomercadorent.com\/en\/wp-json\/wp\/v2\/media\/1569"}],"wp:attachment":[{"href":"https:\/\/www.motomercadorent.com\/en\/wp-json\/wp\/v2\/media?parent=824"}],"curies":[{"name":"wp","href":"https:\/\/api.w.org\/{rel}","templated":true}]}}