{"id":826,"date":"2024-11-17T20:13:01","date_gmt":"2024-11-17T19:13:01","guid":{"rendered":"https:\/\/motomercadorent.com\/?page_id=826"},"modified":"2025-02-14T23:47:46","modified_gmt":"2025-02-14T22:47:46","slug":"privacy-policy","status":"publish","type":"page","link":"https:\/\/www.motomercadorent.com\/en\/privacy-policy\/","title":{"rendered":"Privacy Policy"},"content":{"rendered":"<style>.elementor-826 .elementor-element.elementor-element-4052133{--display:flex;--flex-direction:column;--container-widget-width:100%;--container-widget-height:initial;--container-widget-flex-grow:0;--container-widget-align-self:initial;--flex-wrap-mobile:wrap;}.elementor-826 .elementor-element.elementor-element-b880d9b > .elementor-widget-container{margin:0px 0px 80px 0px;}<\/style>\t\t<div data-elementor-type=\"wp-page\" data-elementor-id=\"826\" class=\"elementor elementor-826 elementor-435\" data-elementor-post-type=\"page\">\n\t\t\t\t<div data-particle_enable=\"false\" data-particle-mobile-disabled=\"false\" class=\"elementor-element elementor-element-4052133 e-flex e-con-boxed e-con e-parent\" data-id=\"4052133\" data-element_type=\"container\">\n\t\t\t\t\t<div class=\"e-con-inner\">\n\t\t\t\t<div class=\"elementor-element elementor-element-5676646 elementor-widget elementor-widget-heading\" data-id=\"5676646\" data-element_type=\"widget\" data-widget_type=\"heading.default\">\n\t\t\t\t<div class=\"elementor-widget-container\">\n\t\t\t\t\t<h2 class=\"elementor-heading-title elementor-size-default\">Pol\u00edtica de Privacidad<\/h2>\t\t\t\t<\/div>\n\t\t\t\t<\/div>\n\t\t\t\t<div class=\"elementor-element elementor-element-b880d9b elementor-widget elementor-widget-text-editor\" data-id=\"b880d9b\" data-element_type=\"widget\" data-widget_type=\"text-editor.default\">\n\t\t\t\t<div class=\"elementor-widget-container\">\n\t\t\t\t\t\t\t\t\t<p><b>Responsable de tus datos Nombre de la empresa:<\/b><\/p><ul><li aria-level=\"1\">COMERCIAL MOUNTAIN BIKES SL<\/li><li aria-level=\"1\">B29667581<\/li><li aria-level=\"1\">Avenida Nuestro Padre Jes\u00fas Cautivo, 46, 29640 Fuengirola, M\u00e1laga<\/li><li aria-level=\"1\">ventas@motomercado.org<\/li><\/ul><p><br \/>El presente aviso legal regula el uso de nuestro sitio web motomercadorent.net, perteneciente a COMERCIAL MOUNTAIN BIKES SL, inscrita en el Registro Mercantil de M\u00e1laga, con CIF B29667581.<\/p><p><b>Legislaci\u00f3n y Jurisdicci\u00f3n<\/b><\/p><p>Las relaciones entre COMERCIAL MOUNTAIN BIKES SL B29667581 y sus usuarios se encuentran sometidas a la legislaci\u00f3n y jurisdicci\u00f3n espa\u00f1olas. Espec\u00edficamente, regulado por Ley Org\u00e1nica 34\/2002, de 11 de Julio, de Servicios de la Sociedad de la Informaci\u00f3n y de Comercio Electr\u00f3nico, Ley Org\u00e1nica 3\/2018, de 5 de diciembre, de Protecci\u00f3n de Datos Personales y garant\u00eda de los derechos digitales, como adaptaci\u00f3n del Reglamento\u00a0 General\u00a0 de Protecci\u00f3n de Datos de la Uni\u00f3n Europea 2016\/679 de 27 de abril de 2016 (entra en vigor el 26 de mayo de 2018) relativo a la protecci\u00f3n de las personas f\u00edsicas en lo que respecta al tratamiento de datos personales y a la libre circulaci\u00f3n de estos datos.<\/p><p><b>Cumpliendo el\u00a0principio de responsabilidad activa.<\/b><\/p><p><b>Pol\u00edtica de privacidad<\/b><\/p><p>La finalidad por la cual se recogen los datos es para poder informar sobre la solicitud del interesado y poder gestionar los servicios ofrecidos.<\/p><p>A efecto de lo previsto en el Reglamento General de Protecci\u00f3n de Datos de la Uni\u00f3n Europea 2016\/679 y LO 3\/2018 relativa a la Protecci\u00f3n de Datos Personales y garant\u00eda de derechos digitales, as\u00ed como dem\u00e1s normativa aplicable, COMERCIAL MOUNTAIN BIKES SL<b>,<\/b>\u00a0con CIF B29667581.<\/p><p>Informa al Usuario de la existencia de un fichero interno propiedad de COMERCIAL MOUNTAIN BIKES SL, donde quedar\u00e1n archivados sus datos de car\u00e1cter general creado con la finalidad de realizar la gesti\u00f3n de la relaci\u00f3n con los usuarios, clientes y potenciales, adem\u00e1s de informarle de nuestros productos y servicios.<\/p><p>Los datos que almacenamos son exclusivamente necesarios para el desarrollo de la actividad de los servicios ofrecidos de la actividad y pueden incluir:<\/p><ul><li aria-level=\"1\">Nombre y apellidos.<\/li><li aria-level=\"1\">DNI<\/li><li aria-level=\"1\">Datos identificativos de la empresa<\/li><li aria-level=\"1\">N\u00famero de tel\u00e9fono.<\/li><li aria-level=\"1\">Correo electr\u00f3nico.<\/li><\/ul><p><b><br \/>\u00bfPor cu\u00e1nto tiempo conservaremos sus datos?<\/b><\/p><p>COMERCIAL MOUNTAIN BIKES SL conservar\u00e1 sus datos personales durante el tiempo necesario para cumplir la finalidad para la cual se recogieron. En el caso de que sus datos personales se utilicen para varias finalidades que nos obligar\u00e1 a conservarlos durante plazos diferentes, aplicaremos el plazo de conservaci\u00f3n m\u00e1s largo.<\/p><p>De todos modos, le informamos que sus datos personales ser\u00e1n conservados mientras usted no solicite la supresi\u00f3n de los mismos, as\u00ed como durante el tiempo necesario para dar cumplimiento a las obligaciones legales que en cada caso correspondan.<\/p><p>Usted puede retirar su consentimiento para todas las finalidades adicionales, sin que en ning\u00fan caso la retirada de alguno de estos consentimientos condicione garantizarte una correcta gesti\u00f3n de la relaci\u00f3n comercial.<\/p><p>Tambi\u00e9n puede ejercer su derecho de acceso, modificaci\u00f3n, cancelaci\u00f3n y oposici\u00f3n a los mencionados datos dirigi\u00e9ndose a COMERCIAL MOUNTAIN BIKES SL personalmente, o mediante la siguiente direcci\u00f3n de correo electr\u00f3nico: ventas@motomercado.org<\/p><p><b>Las revisaremos y daremos respuesta en un plazo m\u00e1ximo de un mes\u00a0<\/b>(podr\u00e1 extenderse dos meses m\u00e1s cuando se trate de solicitudes especialmente complejas y deber\u00e1 notificar esta ampliaci\u00f3n dentro del primer mes).<\/p><p>Informaci\u00f3n detallada sobre sus derechos:<\/p><p><b>Derecho<br \/><\/b>Podr\u00e1 obtener confirmaci\u00f3n si COMERCIAL MOUNTAIN BIKES SL trata sus datos personales, as\u00ed como, consultar sus datos personales incluidos en los ficheros de COMERCIAL MOUNTAIN BIKES SL.<b>\u00a0<\/b><\/p><p><b>Acceso<br \/><\/b>Podr\u00e1 obtener confirmaci\u00f3n si COMERCIAL MOUNTAIN BIKES SL trata sus datos personales, as\u00ed como, consultar sus datos personales incluidos en los ficheros de COMERCIAL MOUNTAIN BIKES SL.<b>\u00a0<\/b><\/p><p><b>Rectificaci\u00f3n<br \/><\/b>Podr\u00e1 modificar sus datos personales cuando sean inexactos, as\u00ed como, completar aquellos que sean incompletos.<\/p><p><b>Supresi\u00f3n<br \/><\/b>Podr\u00e1 solicitar la eliminaci\u00f3n de sus datos personales cuando, entre otros motivos, los datos ya no sean necesarios para los fines que fueron recogidos.<\/p><p><b>Oposici\u00f3n<br \/><\/b>Podr\u00e1 solicitar que no se traten sus datos personales. Dejaremos de tratar los datos, salvo por motivos leg\u00edtimos imperiosos, o el ejercicio o la defensa de posibles reclamaciones.<\/p><p>Limitaci\u00f3n del tratamiento:<\/p><p>Podr\u00e1 solicitar la limitaci\u00f3n al tratamiento de sus datos en los siguientes supuestos:<\/p><p>-Mientras se compruebe la impugnaci\u00f3n de la exactitud de sus datos;<\/p><p>-Cuando el tratamiento es il\u00edcito, Usted se oponga a la supresi\u00f3n de tus datos, y solicite la limitaci\u00f3n de su uso;<\/p><p>-Cuando COMERCIAL MOUNTAIN BIKES SL no necesite tratar sus datos, pero Usted los necesite para el ejercicio o defensa de reclamaciones;<\/p><p>-Cuando se haya opuesto al tratamiento de sus datos para el cumplimiento de una misi\u00f3n de inter\u00e9s p\u00fablico o para la satisfacci\u00f3n de un inter\u00e9s leg\u00edtimo, mientras se verifica si los motivos leg\u00edtimos para el tratamiento prevalecen sobre los suyos.<\/p><p><b>Portabilidad<br \/><\/b>Podr\u00e1 recibir, en formato electr\u00f3nico, los datos personales que nos haya facilitado y aquellos que se han obtenido de su relaci\u00f3n contractual con COMERCIAL MOUNTAIN BIKES SL as\u00ed como a transmitirlos a otra entidad.<\/p><p><b><i>*Para el ejercicio de sus derechos deber\u00e1 adjuntar una copia de su DNI o u otro documento que acredite su identidad, e indicando el derecho que quiere ejercer.\u00a0<\/i><\/b>Podr\u00e1 ejercer dichos derechos mediante solicitud escrita dirigida a COMERCIAL MOUNTAIN BIKES SL en el lugar indicado en el inicio o enviando un mail ventas@motomercado.org<\/p><p>Si considera que COMERCIAL MOUNTAIN BIKES SL no ha tratado tus datos personales de conformidad con la normativa aplicable, podr\u00e1 presentar una reclamaci\u00f3n frente a la autoridad de control competente, a trav\u00e9s del enlace que facilitamos de la p\u00e1gina web oficial de la Agencia Espa\u00f1ola de Protecci\u00f3n de Datos www.agpd.es<\/p><p><b><i>El ejercicio de este derecho es gratuito.<\/i><\/b><\/p><p><b>Propiedad intelectual e industrial<\/b><\/p><p>Los derechos de propiedad intelectual del contenido de las p\u00e1ginas web, su dise\u00f1o gr\u00e1fico, c\u00f3digos\u00a0<b>y todos sus contenidos, incluyendo los textos, im\u00e1genes, v\u00eddeos, bases de datos y cualquiera otro material que contenga<\/b>\u00a0son titularidad de COMERCIAL MOUNTAIN BIKES SL y, por tanto, queda prohibida su reproducci\u00f3n, distribuci\u00f3n, comunicaci\u00f3n p\u00fablica, transformaci\u00f3n o cualquier otra actividad que se pueda realizar con los contenidos de sus p\u00e1ginas web, salvo consentimiento por escrito de COMERCIAL MOUNTAIN BIKES SL.<\/p><p>COMERCIAL MOUNTAIN BIKES SL se reserva el derecho a cambiar, modificar, ampliar contenidos, informaciones, aplicativos, etc. de esta sede web en cualquier momento y sin previo aviso.<\/p><p><b>Terceros<br \/><\/b>Los enlaces contenidos en la web de COMERCIAL MOUNTAIN BIKES SL pueden dirigir a p\u00e1ginas web de terceros sobre las cuales COMERCIAL MOUNTAIN BIKES SL no ejerce ning\u00fan control, por lo cual no asume ninguna responsabilidad por los contenidos, informaciones o servicios que estos enlaces puedan ofrecer. COMERCIAL MOUNTAIN BIKES SL no ceder\u00e1 directamente ning\u00fan archivo o informaci\u00f3n a terceros sin consentimiento previo.<\/p><p><b>Aceptaci\u00f3n y consentimiento<br \/><\/b>El Usuario declara haber sido informado de las condiciones sobre protecci\u00f3n de datos de car\u00e1cter personal, aceptando y consintiendo ACTIVAMENTE Y DE MANERA VERIFICABLE el tratamiento de estos por COMERCIAL MOUNTAIN BIKES SL,\u00a0 de la manera y con las finalidades indicadas en el presente Aviso Legal.<\/p><p>En relaci\u00f3n con el tratamiento de los datos personales de un menor, ser\u00e1 l\u00edcito cuando tenga, al menos, 16 a\u00f1os de edad, en caso contrario, dicho tratamiento s\u00f3lo ser\u00e1 legal si el titular de la responsabilidad parental sobre el ni\u00f1o da o autoriza su consentimiento, y en la medida en que lo d\u00e9 o autorice.<\/p><p>*El RGPD permite a los estados miembros establecer una edad inferior, siempre que no sea menor de 13 a\u00f1os.<\/p><p><b>Uso de la web<\/b>:<br \/>No se responsabiliza de los errores tipogr\u00e1ficos, formales o num\u00e9ricos que pueda contener este sitio web, ni de la exactitud o actualidad de la informaci\u00f3n a pesar de que se esforzar\u00e1 a evitarlos, subsanarlos y actualizarlos. As\u00ed como tampoco puede garantizar que el web y el servidor est\u00e1n limpios de virus ni se hace responsable de los da\u00f1os causados por el acceso al sitio web o la imposibilidad de acceder.<\/p><p>Se excluyen las responsabilidades por cualquier da\u00f1o o perjuicio en el software o el hardware del usuario que se pudiera derivar del acceso al lugar o del uso, transmisi\u00f3n, difusi\u00f3n o almacenamiento de la informaci\u00f3n o aplicaciones que contiene.<\/p><p>La informaci\u00f3n administrativa facilitada a trav\u00e9s de estas p\u00e1ginas no sustituye la publicidad y textos legales que se tengan que publicar formalmente en el BOE, DOGC, BOP y otros diarios oficiales.<\/p><p>COMERCIAL MOUNTAIN BIKES SL se reserva el derecho a cambiar, modificar, ampliar contenidos, informaciones, aplicativos, etc. de esta sede web en cualquier momento y sin previo aviso.<\/p>\t\t\t\t\t\t\t\t<\/div>\n\t\t\t\t<\/div>\n\t\t\t\t\t<\/div>\n\t\t\t\t<\/div>\n\t\t\t\t<\/div>\n\t\t","protected":false},"excerpt":{"rendered":"<p>Pol\u00edtica de Privacidad Responsable de tus datos Nombre de la empresa: COMERCIAL MOUNTAIN BIKES SL B29667581 Avenida Nuestro Padre Jes\u00fas Cautivo, 46, 29640 Fuengirola, M\u00e1laga ventas@motomercado.org El presente aviso legal regula el uso de nuestro sitio web motomercadorent.net, perteneciente a COMERCIAL MOUNTAIN BIKES SL, inscrita en el Registro Mercantil de M\u00e1laga, con CIF B29667581. Legislaci\u00f3n [&hellip;]<\/p>\n","protected":false},"author":1,"featured_media":1569,"parent":0,"menu_order":0,"comment_status":"closed","ping_status":"closed","template":"elementor_header_footer","meta":{"_joinchat":[],"footnotes":""},"class_list":["post-826","page","type-page","status-publish","has-post-thumbnail","hentry"],"yoast_head":"<!-- This site is optimized with the Yoast SEO plugin v26.7 - https:\/\/yoast.com\/wordpress\/plugins\/seo\/ -->\n<title>Privacy Policy - MotoMercado Rent<\/title>\n<meta name=\"description\" content=\"Learn how we collect, use, and protect your personal data. Read our Privacy Policy for full details on security, cookies, and your rights.\" \/>\n<meta name=\"robots\" content=\"index, follow, max-snippet:-1, max-image-preview:large, max-video-preview:-1\" \/>\n<link rel=\"canonical\" href=\"https:\/\/www.motomercadorent.com\/en\/privacy-policy\/\" \/>\n<meta property=\"og:locale\" content=\"en_US\" \/>\n<meta property=\"og:type\" content=\"article\" \/>\n<meta property=\"og:title\" content=\"Privacy Policy - MotoMercado Rent\" \/>\n<meta property=\"og:description\" content=\"Learn how we collect, use, and protect your personal data. Read our Privacy Policy for full details on security, cookies, and your rights.\" \/>\n<meta property=\"og:url\" content=\"https:\/\/www.motomercadorent.com\/en\/privacy-policy\/\" \/>\n<meta property=\"og:site_name\" content=\"MotoMercado Rent\" \/>\n<meta property=\"article:publisher\" content=\"https:\/\/www.facebook.com\/motomercado.malaga\" \/>\n<meta property=\"article:modified_time\" content=\"2025-02-14T22:47:46+00:00\" \/>\n<meta property=\"og:image\" content=\"https:\/\/www.motomercadorent.com\/wp-content\/uploads\/2024\/12\/rent.jpg\" \/>\n\t<meta property=\"og:image:width\" content=\"1200\" \/>\n\t<meta property=\"og:image:height\" content=\"635\" \/>\n\t<meta property=\"og:image:type\" content=\"image\/jpeg\" \/>\n<meta name=\"twitter:card\" content=\"summary_large_image\" \/>\n<meta name=\"twitter:label1\" content=\"Est. reading time\" \/>\n\t<meta name=\"twitter:data1\" content=\"7 minutes\" \/>\n<script type=\"application\/ld+json\" class=\"yoast-schema-graph\">{\"@context\":\"https:\/\/schema.org\",\"@graph\":[{\"@type\":\"WebPage\",\"@id\":\"https:\/\/www.motomercadorent.com\/en\/privacy-policy\/\",\"url\":\"https:\/\/www.motomercadorent.com\/en\/privacy-policy\/\",\"name\":\"Privacy Policy - MotoMercado Rent\",\"isPartOf\":{\"@id\":\"https:\/\/www.motomercadorent.com\/en\/#website\"},\"primaryImageOfPage\":{\"@id\":\"https:\/\/www.motomercadorent.com\/en\/privacy-policy\/#primaryimage\"},\"image\":{\"@id\":\"https:\/\/www.motomercadorent.com\/en\/privacy-policy\/#primaryimage\"},\"thumbnailUrl\":\"https:\/\/www.motomercadorent.com\/wp-content\/uploads\/2024\/12\/rent.jpg\",\"datePublished\":\"2024-11-17T19:13:01+00:00\",\"dateModified\":\"2025-02-14T22:47:46+00:00\",\"description\":\"Learn how we collect, use, and protect your personal data. Read our Privacy Policy for full details on security, cookies, and your rights.\",\"breadcrumb\":{\"@id\":\"https:\/\/www.motomercadorent.com\/en\/privacy-policy\/#breadcrumb\"},\"inLanguage\":\"en-US\",\"potentialAction\":[{\"@type\":\"ReadAction\",\"target\":[\"https:\/\/www.motomercadorent.com\/en\/privacy-policy\/\"]}]},{\"@type\":\"ImageObject\",\"inLanguage\":\"en-US\",\"@id\":\"https:\/\/www.motomercadorent.com\/en\/privacy-policy\/#primaryimage\",\"url\":\"https:\/\/www.motomercadorent.com\/wp-content\/uploads\/2024\/12\/rent.jpg\",\"contentUrl\":\"https:\/\/www.motomercadorent.com\/wp-content\/uploads\/2024\/12\/rent.jpg\",\"width\":1200,\"height\":635},{\"@type\":\"BreadcrumbList\",\"@id\":\"https:\/\/www.motomercadorent.com\/en\/privacy-policy\/#breadcrumb\",\"itemListElement\":[{\"@type\":\"ListItem\",\"position\":1,\"name\":\"Home\",\"item\":\"https:\/\/www.motomercadorent.com\/en\/\"},{\"@type\":\"ListItem\",\"position\":2,\"name\":\"Privacy Policy\"}]},{\"@type\":\"WebSite\",\"@id\":\"https:\/\/www.motomercadorent.com\/en\/#website\",\"url\":\"https:\/\/www.motomercadorent.com\/en\/\",\"name\":\"MotoMercado M\u00e1laga Rent\",\"description\":\"Scooter &amp; Motorbike Rental M\u00e1laga - MotoMercado\",\"publisher\":{\"@id\":\"https:\/\/www.motomercadorent.com\/en\/#organization\"},\"potentialAction\":[{\"@type\":\"SearchAction\",\"target\":{\"@type\":\"EntryPoint\",\"urlTemplate\":\"https:\/\/www.motomercadorent.com\/en\/?s={search_term_string}\"},\"query-input\":{\"@type\":\"PropertyValueSpecification\",\"valueRequired\":true,\"valueName\":\"search_term_string\"}}],\"inLanguage\":\"en-US\"},{\"@type\":\"Organization\",\"@id\":\"https:\/\/www.motomercadorent.com\/en\/#organization\",\"name\":\"MotoMercado M\u00e1laga Rent\",\"url\":\"https:\/\/www.motomercadorent.com\/en\/\",\"logo\":{\"@type\":\"ImageObject\",\"inLanguage\":\"en-US\",\"@id\":\"https:\/\/www.motomercadorent.com\/en\/#\/schema\/logo\/image\/\",\"url\":\"https:\/\/www.motomercadorent.com\/wp-content\/uploads\/2025\/12\/cropped-Logo-Raya-Cuadrado-scaled-1.png\",\"contentUrl\":\"https:\/\/www.motomercadorent.com\/wp-content\/uploads\/2025\/12\/cropped-Logo-Raya-Cuadrado-scaled-1.png\",\"width\":2359,\"height\":947,\"caption\":\"MotoMercado M\u00e1laga Rent\"},\"image\":{\"@id\":\"https:\/\/www.motomercadorent.com\/en\/#\/schema\/logo\/image\/\"},\"sameAs\":[\"https:\/\/www.facebook.com\/motomercado.malaga\",\"https:\/\/www.instagram.com\/motomercado\"]}]}<\/script>\n<!-- \/ Yoast SEO plugin. -->","yoast_head_json":{"title":"Privacy Policy - MotoMercado Rent","description":"Learn how we collect, use, and protect your personal data. Read our Privacy Policy for full details on security, cookies, and your rights.","robots":{"index":"index","follow":"follow","max-snippet":"max-snippet:-1","max-image-preview":"max-image-preview:large","max-video-preview":"max-video-preview:-1"},"canonical":"https:\/\/www.motomercadorent.com\/en\/privacy-policy\/","og_locale":"en_US","og_type":"article","og_title":"Privacy Policy - MotoMercado Rent","og_description":"Learn how we collect, use, and protect your personal data. Read our Privacy Policy for full details on security, cookies, and your rights.","og_url":"https:\/\/www.motomercadorent.com\/en\/privacy-policy\/","og_site_name":"MotoMercado Rent","article_publisher":"https:\/\/www.facebook.com\/motomercado.malaga","article_modified_time":"2025-02-14T22:47:46+00:00","og_image":[{"width":1200,"height":635,"url":"https:\/\/www.motomercadorent.com\/wp-content\/uploads\/2024\/12\/rent.jpg","type":"image\/jpeg"}],"twitter_card":"summary_large_image","twitter_misc":{"Est. reading time":"7 minutes"},"schema":{"@context":"https:\/\/schema.org","@graph":[{"@type":"WebPage","@id":"https:\/\/www.motomercadorent.com\/en\/privacy-policy\/","url":"https:\/\/www.motomercadorent.com\/en\/privacy-policy\/","name":"Privacy Policy - MotoMercado Rent","isPartOf":{"@id":"https:\/\/www.motomercadorent.com\/en\/#website"},"primaryImageOfPage":{"@id":"https:\/\/www.motomercadorent.com\/en\/privacy-policy\/#primaryimage"},"image":{"@id":"https:\/\/www.motomercadorent.com\/en\/privacy-policy\/#primaryimage"},"thumbnailUrl":"https:\/\/www.motomercadorent.com\/wp-content\/uploads\/2024\/12\/rent.jpg","datePublished":"2024-11-17T19:13:01+00:00","dateModified":"2025-02-14T22:47:46+00:00","description":"Learn how we collect, use, and protect your personal data. Read our Privacy Policy for full details on security, cookies, and your rights.","breadcrumb":{"@id":"https:\/\/www.motomercadorent.com\/en\/privacy-policy\/#breadcrumb"},"inLanguage":"en-US","potentialAction":[{"@type":"ReadAction","target":["https:\/\/www.motomercadorent.com\/en\/privacy-policy\/"]}]},{"@type":"ImageObject","inLanguage":"en-US","@id":"https:\/\/www.motomercadorent.com\/en\/privacy-policy\/#primaryimage","url":"https:\/\/www.motomercadorent.com\/wp-content\/uploads\/2024\/12\/rent.jpg","contentUrl":"https:\/\/www.motomercadorent.com\/wp-content\/uploads\/2024\/12\/rent.jpg","width":1200,"height":635},{"@type":"BreadcrumbList","@id":"https:\/\/www.motomercadorent.com\/en\/privacy-policy\/#breadcrumb","itemListElement":[{"@type":"ListItem","position":1,"name":"Home","item":"https:\/\/www.motomercadorent.com\/en\/"},{"@type":"ListItem","position":2,"name":"Privacy Policy"}]},{"@type":"WebSite","@id":"https:\/\/www.motomercadorent.com\/en\/#website","url":"https:\/\/www.motomercadorent.com\/en\/","name":"MotoMercado M\u00e1laga Rent","description":"Scooter &amp; Motorbike Rental M\u00e1laga - MotoMercado","publisher":{"@id":"https:\/\/www.motomercadorent.com\/en\/#organization"},"potentialAction":[{"@type":"SearchAction","target":{"@type":"EntryPoint","urlTemplate":"https:\/\/www.motomercadorent.com\/en\/?s={search_term_string}"},"query-input":{"@type":"PropertyValueSpecification","valueRequired":true,"valueName":"search_term_string"}}],"inLanguage":"en-US"},{"@type":"Organization","@id":"https:\/\/www.motomercadorent.com\/en\/#organization","name":"MotoMercado M\u00e1laga Rent","url":"https:\/\/www.motomercadorent.com\/en\/","logo":{"@type":"ImageObject","inLanguage":"en-US","@id":"https:\/\/www.motomercadorent.com\/en\/#\/schema\/logo\/image\/","url":"https:\/\/www.motomercadorent.com\/wp-content\/uploads\/2025\/12\/cropped-Logo-Raya-Cuadrado-scaled-1.png","contentUrl":"https:\/\/www.motomercadorent.com\/wp-content\/uploads\/2025\/12\/cropped-Logo-Raya-Cuadrado-scaled-1.png","width":2359,"height":947,"caption":"MotoMercado M\u00e1laga Rent"},"image":{"@id":"https:\/\/www.motomercadorent.com\/en\/#\/schema\/logo\/image\/"},"sameAs":["https:\/\/www.facebook.com\/motomercado.malaga","https:\/\/www.instagram.com\/motomercado"]}]}},"_links":{"self":[{"href":"https:\/\/www.motomercadorent.com\/en\/wp-json\/wp\/v2\/pages\/826","targetHints":{"allow":["GET"]}}],"collection":[{"href":"https:\/\/www.motomercadorent.com\/en\/wp-json\/wp\/v2\/pages"}],"about":[{"href":"https:\/\/www.motomercadorent.com\/en\/wp-json\/wp\/v2\/types\/page"}],"author":[{"embeddable":true,"href":"https:\/\/www.motomercadorent.com\/en\/wp-json\/wp\/v2\/users\/1"}],"replies":[{"embeddable":true,"href":"https:\/\/www.motomercadorent.com\/en\/wp-json\/wp\/v2\/comments?post=826"}],"version-history":[{"count":2,"href":"https:\/\/www.motomercadorent.com\/en\/wp-json\/wp\/v2\/pages\/826\/revisions"}],"predecessor-version":[{"id":2322,"href":"https:\/\/www.motomercadorent.com\/en\/wp-json\/wp\/v2\/pages\/826\/revisions\/2322"}],"wp:featuredmedia":[{"embeddable":true,"href":"https:\/\/www.motomercadorent.com\/en\/wp-json\/wp\/v2\/media\/1569"}],"wp:attachment":[{"href":"https:\/\/www.motomercadorent.com\/en\/wp-json\/wp\/v2\/media?parent=826"}],"curies":[{"name":"wp","href":"https:\/\/api.w.org\/{rel}","templated":true}]}}